{"id":1606,"date":"2022-12-13T11:13:33","date_gmt":"2022-12-13T10:13:33","guid":{"rendered":"https:\/\/bachtage.freundbild.com\/datenschutz\/"},"modified":"2025-07-01T14:43:51","modified_gmt":"2025-07-01T12:43:51","slug":"privacy","status":"publish","type":"page","link":"https:\/\/bachtage.ch\/en\/privacy\/","title":{"rendered":"Conditions of use and data protection statement"},"content":{"rendered":"\r\n<h2 class=\"wp-block-heading\">1. Nutzungsbedingungen<\/h2>\r\n\r\n\r\n\r\n<h3 class=\"wp-block-heading\">1.1 Anwendungsbereich<\/h3>\r\n\r\n\r\n\r\n<p>Gegenstand der vorliegenden Nutzungsbedingungen und Datenschutzerkl\u00e4rung bilden die Beziehungen zwischen der J. S. Bach St. Gallen AG (nachstehend AG) und den Nutzerinnen und Nutzern von auf unseren Websites angebotenen Dienstleistungen und Produkten. Die vorliegenden Nutzungsbedingungen und die Datenschutzerkl\u00e4rung bilden integrierenden Bestandteil jedes abgeschlossenen Vertrages zwischen der AG und den Nutzern und Nutzerinnen, sofern zwischen den Parteien, in schriftlicher Form, nichts Abweichendes vereinbart wird.<\/p>\r\n\r\n\r\n\r\n<h3 class=\"wp-block-heading\">1.2 Nutzungsumfang<\/h3>\r\n\r\n\r\n\r\n<p>Die Produkte dienen ausschliesslich privaten Zwecken von nat\u00fcrlichen Personen. Es gelten ausdr\u00fccklich die Bestimmungen von nachstehend Ziffer 4 (Urheber- und weitere immaterielle Rechte). Die Registrierung eines Benutzerkontos erfordert einen Namen und eine g\u00fcltige E-Mail-Adresse, f\u00fcr die Nutzung kostenpflichtiger Angebote ist die Angabe des korrekten Vor- und Nachnamens und einer g\u00fcltigen Postadresse erforderlich.<\/p>\r\n\r\n\r\n\r\n<h3 class=\"wp-block-heading\">1.3 Haftung<\/h3>\r\n\r\n\r\n\r\n<p>Die AG haftet f\u00fcr Verz\u00f6gerungen und f\u00fcr Fehl- oder Nichtauslieferung von Produkten nur bei vors\u00e4tzlichem oder grobfahrl\u00e4ssigem Verhalten. Die AG \u00fcbernimmt, trotz sorgf\u00e4ltiger Kontrolle der Inhalte, keinerlei Gew\u00e4hr f\u00fcr deren Richtigkeit und\/oder Vollst\u00e4ndigkeit. Auch haftet sie nicht f\u00fcr durch schadhafte Technik und sch\u00e4dliche Computerprogramme jedwelcher Art allenfalls bewirkte Sch\u00e4den. F\u00fcr Verweise und Links auf Websites Dritter wird jegliche Haftung ausgeschlossen.<\/p>\r\n\r\n\r\n\r\n<h3 class=\"wp-block-heading\">1.4 Urheber- und weitere immaterielle Rechte<\/h3>\r\n\r\n\r\n\r\n<p>S\u00e4mtliche Urheber- und weiteren immateriellen Rechte an Bildern, Texten und\/oder Musik liegen ausschliesslich bei der AG oder von Fall zu Fall speziell genannten Rechtsinhabern. Jegliche \u00fcber den privaten Gebrauch hinausgehende Verwendung und Nutzung ist ausdr\u00fccklich untersagt<\/p>\r\n\r\n\r\n\r\n<h2 class=\"wp-block-heading\">2. Datenschutzerkl\u00e4rung<\/h2>\r\n\r\n\r\n\r\n<h3 class=\"wp-block-heading\">2.1 Allgemeines<\/h3>\r\n\r\n\r\n\r\n<p>Von Seiten der AG legen wir grossen Wert auf den Schutz der Pers\u00f6nlichkeit unserer Nutzerinnen und Nutzer. Die vorliegende Datenschutzerkl\u00e4rung erl\u00e4utert unseren Nutzern und Nutzerinnen die Praxis der AG im Umgang mit Personendaten und ihre Massnahmen zur Erreichung der Datenschutzkonformit\u00e4t. Wir verarbeiten personenbezogene Daten der Nutzer und Nutzerinnen grunds\u00e4tzlich nur, soweit dies zur Bereitstellung einer funktionsf\u00e4higen Website sowie unserer Inhalte und Leistungen erforderlich ist. Die Verarbeitung personenbezogener Daten der Nutzer und Nutzerinnen erfolgt regelm\u00e4ssig nur nach Einwilligung des Nutzers oder der Nutzerin. Eine Ausnahme gilt in solchen F\u00e4llen, in denen eine vorherige Einholung einer Einwilligung aus tats\u00e4chlichen Gr\u00fcnden nicht m\u00f6glich ist und die Verarbeitung der Daten durch gesetzliche Vorschriften gestattet ist. Die vorliegenden Datenschutzgrundlagen basieren auf dem Schweizerischen Datenschutzgesetz (DSG) und der europ\u00e4ischen Datenschutzgrundverordnung (DSGVO). Ansprechpartnerin f\u00fcr alle datenschutzrechtlichen Belange der AG ist:\u00a0Anneliese Looser, Verantwortliche Verlag &amp; Web, Museumstrasse 1, Postfach 328, 9004 St. Gallen, <a href=\"mailto:support@bachstiftung.ch\">support@bachstiftung.ch<\/a><\/p>\r\n\r\n\r\n\r\n<h3 class=\"wp-block-heading\">2.2 Erheben, Verwenden und Speichern von Personendaten<\/h3>\r\n\r\n\r\n\r\n<h4 class=\"wp-block-heading\">2.2.1 Erheben von Personendaten<\/h4>\r\n\r\n\r\n\r\n<p>Der Besuch der Websites der AG ist grunds\u00e4tzlich ohne jede Angabe personenbezogener Daten m\u00f6glich. Bei jedem Aufruf unserer Internetseite erfasst unser System automatisiert Daten und Informationen vom Computersystem des aufrufenden Rechners. Die vor\u00fcbergehende Speicherung der IP-Adresse durch das System ist notwendig, um eine Auslieferung der Website an den Rechner des Nutzers oder der Nutzerin zu erm\u00f6glichen. Die Online-\u00dcbermittlung der Personendaten zwischen dem Browser des Nutzers\/der Nutzerin und den Servern der AG erfolgt verschl\u00fcsselt durch das SSL-Protokoll. Damit die Funktionalit\u00e4t dieser Verschl\u00fcsselungstechnik erm\u00f6glicht werden kann, ist der Nutzer oder die Nutzerin angehalten, die g\u00e4ngigen Browser in den jeweils aktuellen Versionen zu verwenden.<\/p>\r\n\r\n\r\n\r\n<h4 class=\"wp-block-heading\">2.2.2 Verwendungszweck der erhobenen Personendaten<\/h4>\r\n\r\n\r\n\r\n<p>Die AG erhebt Personendaten zun\u00e4chst zur Erm\u00f6glichung des Zugangs des Nutzers oder der Nutzerin zu den Angeboten der AG sowie zur Abwicklung des eingegangenen Vertragsverh\u00e4ltnisses. Zudem k\u00f6nnen Daten zum Nutzungsverhalten der Nutzerin oder des Nutzers erhoben werden. Diese personenbezogenen Daten k\u00f6nnen zu Marketingzwecken, zur Verbesserung von Produkten und Dienstleistungen, zur \u00dcberpr\u00fcfung der Zugangsberechtigung bzw. der vertragsgem\u00e4ssen Nutzung der Produkte und\/oder f\u00fcr personalisierte Werbung verwendet werden. Die Verarbeitung personenbezogener Daten der Nutzer und Nutzerinnen erfolgt regelm\u00e4ssig nur nach deren Einwilligung.<\/p>\r\n\r\n\r\n\r\n<h4 class=\"wp-block-heading\">2.2.3 Datenspeicherung<\/h4>\r\n\r\n\r\n\r\n<p>Wenn Sie per Formular auf der Website oder per E-Mail Kontakt mit uns aufnehmen, werden Ihre angegebenen Daten zwecks Bearbeitung der Anfrage und f\u00fcr den Fall von Anschlussfragen gespeichert. Wir behalten uns vor, betriebliche Korrespondenz sowie vor allem Korrespondenzen, die an uns gerichtet sind, f\u00fcr betriebliche Abl\u00e4ufe zu nutzen und aufzubewahren. In einigen F\u00e4llen sieht der Gesetzgeber die Aufbewahrung von personenbezogenen Daten vor, etwa im Steuer- oder Handelsrecht. In diesen F\u00e4llen werden die Daten von uns lediglich f\u00fcr diese gesetzlichen Zwecke weiter gespeichert, aber nicht anderweitig verarbeitet und nach Ablauf der gesetzlichen Aufbewahrungsfrist gel\u00f6scht.<\/p>\r\n\r\n\r\n\r\n<h3 class=\"wp-block-heading\">2.3 Datensicherheit und Weitergabe von Personendaten an Dritte<\/h3>\r\n\r\n\r\n\r\n<p>Die AG ist um die Sicherheit der Daten im Rahmen der geltenden Datenschutzgesetze und technischen M\u00f6glichkeiten maximal bem\u00fcht.<\/p>\r\n\r\n\r\n\r\n<h4 class=\"wp-block-heading\">2.3.1 Sicherungsmassnahmen f\u00fcr Daten<\/h4>\r\n\r\n\r\n\r\n<p>Ihre pers\u00f6nlichen Daten werden bei der AG verschl\u00fcsselt \u00fcbertragen. Dies gilt f\u00fcr Bestellungen und auch f\u00fcr das Kundenlogin. Die AG nutzt das Codierungssystem SSL (Secure Socket Layer), weist jedoch darauf hin, dass die Daten\u00fcbertragung im Internet (z.B. bei der Kommunikation per E-Mail) Sicherheitsl\u00fccken aufweisen kann. Ein l\u00fcckenloser Schutz der Daten vor dem Zugriff durch Dritte ist nicht m\u00f6glich. Zur Sicherung der Daten unterhalten wir technische und organisatorische Sicherungsmassnahmen, die immer wieder dem Stand der Technik anpasst werden. Ferner k\u00f6nnen wir nicht gew\u00e4hrleisten, dass das Angebot zu bestimmten Zeiten zur Verf\u00fcgung steht; St\u00f6rungen, Unterbrechungen oder Ausf\u00e4lle k\u00f6nnen nicht ausgeschlossen werden.<\/p>\r\n\r\n\r\n\r\n<h4 class=\"wp-block-heading\">2.3.2 Weitergabe von Personendaten an Dritte<\/h4>\r\n\r\n\r\n\r\n<p>Eine Daten\u00fcbermittlung an Dritte erfolgt nicht, mit Ausnahme der \u00dcbermittlung der Kreditkartendaten an die abwickelnden Bankinstitute \/ Zahlungsdienstleister zum Zwecke der Abbuchung des Verkaufspreises, \u00dcbermittlung der E-Mailadresse an den Newsletter-Provider, an unseren Steuerberater zur Erf\u00fcllung unserer steuerrechtlichen Verpflichtungen, bei Anordnung durch einen richterlichen Entscheid oder wenn gesetzlich vorgeschrieben. In diesen F\u00e4llen beschr\u00e4nkt sich die \u00dcbermittlung der Daten auf das erforderliche Minimum. Folgende Dienste nehmen wir in Anspruch:<\/p>\r\n\r\n\r\n\r\n<ul class=\"wp-block-list\">\r\n<li>Technische Umsetzung: Freundbild (Ostwall 47, 47798 Krefeld, Deutschland)<\/li>\r\n\r\n\r\n\r\n<li>Webhosting: netcup GmbH (Daimlerstrasse 25, D-76185 Karlsruhe, Deutschland)<\/li>\r\n\r\n\r\n\r\n<li>Newsletter, Vers\u00e4nde: CleverReach GmbH &amp; Co. KG (Schafj\u00fcckenweg 2, 26180 Rastede, Deutschland), Niedermann Druck AG (Letzistrasse 37, 9015 St. Gallen, Schweiz)<\/li>\r\n\r\n\r\n\r\n<li>Ticketing, CRM-System, Vertrieb: NGL &#8211; Naxos Global Logistics (Gruber Str. 70, 85586 Poing, Deutschland), 442plus GmbH (Bruchmattstrasse 21, 6003 Luzern, Schweiz), Future Demand GmbH (K\u00f6penicker Str 145, 10997 Berlin, Deutschland)<\/li>\r\n\r\n\r\n\r\n<li>Buchhaltung: Alder Treuhand AG (Weidstrasse 4a, 9410 Heiden), Dr. Rietmann &amp; Partner AG (Vadianstrasse 44, 9000 St. Gallen, Schweiz), UJU Pty Ltd t\/a Metorik (PO Box 2242, Caulfield Junction, VIC 3161, Australia)<\/li>\r\n\r\n\r\n\r\n<li>Zahlungsanbieter: Stripe Payments Europe, Limited (1 Grand Canal Street Lower, Grand Canal Dock, Dublin, D02 H210, Ireland), Twint AG (TWINT AG, Stauffacherstrasse 41, 8004 Z\u00fcrich, Schweiz), PayPal Pte. Ltd., 5 Temasek Boulevard, #09-01 Suntec Tower Five, Singapore 038985), SumUp Payments Limited (16\u201320 Shorts Gardens, WC2H 9US, London, Vereinigtes K\u00f6nigreich)<\/li>\r\n<\/ul>\r\n\r\n\r\n\r\n<h3 class=\"wp-block-heading\">2.4 Cookies und Web-Analyse<\/h3>\r\n\r\n\r\n\r\n<p>Unser Anliegen im Sinne der DSGVO (berechtigtes Interesse) ist die Verbesserung unseres Angebotes und unseres Webauftritts. Da uns die Privatsph\u00e4re unserer Nutzerinnen und Nutzer wichtig ist, werden die Nutzerdaten pseudoanonymisiert.<\/p>\r\n\r\n\r\n\r\n<h4 class=\"wp-block-heading\">2.4.1 Verwendung von Cookies<\/h4>\r\n\r\n\r\n\r\n<p>Die Websites der AG verwenden sogenannte Cookies. Beim Besuch der Websites der AG erheben, speichern und verwenden diese von den Nutzern und Nutzerinnen auch allgemeine, nicht personenbezogene Daten. Dabei handelt es sich um Textdateien, die auf dem Nutzer-System gespeichert werden und die eine Analyse der Benutzung der Produkte erm\u00f6glicht. Diese Technologie erlaubt es, einzelne Nutzer und Nutzerinnen als Besuchende zu erkennen und ihnen individualisierte Dienstleistungen oder Produkte zu unterbreiten. Sie erm\u00f6glichen es uns, Ihren Browser beim n\u00e4chsten Besuch wiederzuerkennen. Solche Trackingdaten werden getrennt von allf\u00e4llig erhobenen Personendaten gespeichert. Die Erhebung erfolgt ausschliesslich in anonymer Form, so dass zu keinem Zeitpunkt ein R\u00fcckschluss auf den einzelnen Nutzer\/die einzelne Nutzerin m\u00f6glich ist. Es wird einzig eine Verbindung zur bekannten IP-Adresse erm\u00f6glicht. \u00dcber entsprechende Browser-Einstellungen kann das Speichern von Cookies verhindert werden, wobei dies dazu f\u00fchren kann, dass das Angebot der AG nicht mehr oder nur noch eingeschr\u00e4nkt funktioniert. Ihre Cookie-Einstellungen k\u00f6nnen Sie hier anpassen:<\/p>\r\n\r\n\r\n<span class=\"borlabs-cookie-open-dialog-preferences \" data-borlabs-cookie-title=\"Cookie-Einstellungen anpassen\" data-borlabs-cookie-type=\"link\" ><\/span>\n\r\n\r\n\r\n<h4 class=\"wp-block-heading\">2.4.2 Web-Analyse<\/h4>\r\n\r\n\r\n\r\n<p>Unsere Website verwendet Funktionen von Google Analytics, einem Webanalysedienst der Google Inc. (1600 Amphietheatre Parkway Mountain View, CA 94043 USA) und zur Analyse Facebook-Pixel der Firma Facebook Inc. (1 Hacker Way, Menlo Park, CA 94025 USA). Dazu werden Cookies verwendet, die eine Analyse der Benutzung der Website durch ihre Benutzer und Benutzerinnen erm\u00f6glicht. Die dadurch erzeugten Informationen werden auf den Server des Anbieters \u00fcbertragen und dort gespeichert. Sie k\u00f6nnen dies verhindern, indem Sie Ihren Browser so einrichten, dass keine Cookies gespeichert werden. Sie k\u00f6nnen dar\u00fcber hinaus auch \u00fcber einen Browser-Plugin die Erfassung sowie Nutzung der durch die Cookies erzeugten Daten verhindert. Sie k\u00f6nnen es unter folgendem Link herunterladen: https:\/\/tools.google.com\/dlpage\/gaoptout?hl=de Sie k\u00f6nnen die Erfassung durch Google Analytics auch verhindern, indem Sie auf folgenden Link klicken. Google Analytics deaktivieren. Es wird ein Opt-Out-Cookie gesetzt, der die zuk\u00fcnftige Erfassung Ihrer Daten beim Besuch dieser Website verhindert.<\/p>\r\n\r\n\r\n\r\n<h4 class=\"wp-block-heading\">2.4.3 Google Ads<\/h4>\r\n\r\n\r\n\r\n<p>Die Websites der AG verwenden Google Conversion Tracking. Wenn Sie \u00fcber eine von Google geschaltete Anzeige auf unsere Website gelangt sind, wird von Google Ads ein Cookie auf Ihrem Computer gesetzt. Das Cookie f\u00fcr das Conversion-Tracking wird gesetzt, wenn ein Nutzer auf eine von Google geschaltete Anzeige klickt. Diese Cookies verlieren nach 30 Tagen ihre G\u00fcltigkeit und werden nicht zur pers\u00f6nlichen Identifizierung verwendet. Wenn der Nutzer bestimmte Seiten unserer Website besucht und das Cookie noch nicht abgelaufen ist, k\u00f6nnen wir und Google erkennen, dass der Nutzer auf die Anzeige geklickt hat und zu dieser Seite weitergeleitet wurde. Jeder Google Ads-Kunde erh\u00e4lt ein anderes Cookie. Cookies k\u00f6nnen daher nicht \u00fcber die Websites der Ads-Kunden hinweg nachverfolgt werden. Die mithilfe des Conversion-Cookies gewonnenen Informationen werden verwendet, um Conversion-Statistiken f\u00fcr Ads-Kunden zu erstellen, die sich f\u00fcr das Conversion-Tracking entschieden haben. Die Kunden erfahren die Gesamtzahl der Nutzer und Nutzerinnen, die auf ihre Anzeige geklickt haben und zu einer mit einem Conversion-Tracking-Tag versehenen Seite weitergeleitet wurden. Sie erhalten jedoch keine Informationen, die zur pers\u00f6nlichen Identifizierung von Nutzern und Nutzerinnen verwendet werden k\u00f6nnen. Wenn Sie nicht am Tracking teilnehmen m\u00f6chten, k\u00f6nnen Sie das Setzen eines daf\u00fcr erforderlichen Cookies verweigern \u2013 zum Beispiel durch eine Browser-Einstellung, die das automatische Setzen von Cookies generell deaktiviert, oder indem Sie Ihren Browser so einstellen, dass Cookies von der Domain \u00ab\u00bbgoogleleadservices.com\u00bb\u00bb blockiert werden. Bitte beachten Sie, dass Sie die Opt-Out-Cookies nicht l\u00f6schen d\u00fcrfen, solange Sie nicht m\u00f6chten, dass Messdaten erfasst werden. Wenn Sie alle Ihre Cookies im Browser gel\u00f6scht haben, m\u00fcssen Sie das jeweilige Opt-Out-Cookie erneut setzen.<\/p>\r\n\r\n\r\n\r\n<h3 class=\"wp-block-heading\">2.5 Google Maps<\/h3>\r\n\r\n\r\n\r\n<p>Die Websites der AG nutzen das Angebot von Google Maps. Dies erm\u00f6glicht es uns, interaktive Karten direkt auf der Website darzustellen und Ihnen die komfortable Nutzung der Kartenfunktion zu erm\u00f6glichen. Durch den Besuch der Website erh\u00e4lt Google die Information, dass Sie die entsprechende Unterseite unserer Website aufgerufen haben. Dies geschieht unabh\u00e4ngig davon, ob Google ein Nutzerkonto bereitstellt, \u00fcber das Sie eingeloggt sind, oder ob kein Nutzerkonto vorhanden ist. Wenn Sie bei Google eingeloggt sind, werden Ihre Daten direkt Ihrem Konto zugeordnet. Wenn Sie die Zuordnung zu Ihrem Profil bei Google nicht w\u00fcnschen, m\u00fcssen Sie sich vor Aktivierung der Schaltfl\u00e4che ausloggen. Google speichert Ihre Daten als Nutzungsprofile und nutzt sie f\u00fcr Zwecke der Werbung, Marktforschung und\/oder bedarfsgerechten Gestaltung seiner Website. Eine solche Auswertung erfolgt insbesondere (auch f\u00fcr nicht eingeloggte Nutzer)und Nutzerinnen zur Erbringung bedarfsgerechter Werbung und um andere Nutzer und Nutzerinnen des sozialen Netzwerks \u00fcber Ihre Aktivit\u00e4ten auf unserer Website zu informieren. Sie haben das Recht, der Erstellung dieser Nutzerprofile zu widersprechen, wobei Sie sich zur Aus\u00fcbung dieses Rechts an Google wenden m\u00fcssen. N\u00e4here Informationen zu Zweck und Umfang der Datenerhebung und -verarbeitung durch Google sowie weitere Informationen zu Ihren diesbez\u00fcglichen Rechten und Einstellungsm\u00f6glichkeiten zum Schutz Ihrer Privatsph\u00e4re finden Sie unter: https:\/\/policies.google.com\/privacy<\/p>\r\n\r\n\r\n\r\n<h3 class=\"wp-block-heading\">2.6 Social Media Plugins<\/h3>\r\n\r\n\r\n\r\n<p>Unsere Websites stellen Ihnen Social Plug-Ins verschiedener sozialer Netzwerke zur Verf\u00fcgung. Wenn Sie mit einem sozialen Netzwerk wie Facebook oder Instagram interagieren m\u00f6chten, wird Ihre Aktivit\u00e4t auf unserer Website oder \u00fcber unsere Apps auch dem entsprechenden sozialen Netzwerk angegeben. Wenn Sie bei Ihrem Besuch auf unseren Websites oder in einer unserer Apps in einem dieser sozialen Netzwerke angemeldet sind oder mit einem der Social Plug-Ins interagieren, kann das soziale Netzwerk diese Informationen je nach Ihren Datenschutzeinstellungen zu Ihrem jeweiligen Profil bei diesem Netzwerk hinzuf\u00fcgen. Wir weisen Sie darauf hin, dass bei der Deaktivierung der Social Media-Plugins das Angebot der AG unter Umst\u00e4nden nur eingeschr\u00e4nkt gew\u00e4hrleistet werden kann.<\/p>\r\n\r\n\r\n\r\n<h3 class=\"wp-block-heading\">2.7 Newsletter<\/h3>\r\n\r\n\r\n\r\n<p>Sie haben die M\u00f6glichkeit, \u00fcber unsere Website den Newsletter zu abonnieren. Hierf\u00fcr ben\u00f6tigen wir Ihre E-Mail-Adresse und ihre ausdr\u00fcckliche Erkl\u00e4rung, dass Sie mit dem Bezug des Newsletters einverstanden sind. Zudem wird die IP-Adresse des aufrufenden Rechners als auch das Datum und die Uhrzeit der Registrierung gespeichert. Nach der Anmeldung erhalten Sie auf die angegebene Emailadresse eine Nachricht, in der Sie um die Best\u00e4tigung der Anmeldung gebeten werden (&#8220;Double Opt-in&#8221;). Das ist notwendig, damit sich nicht Dritte mit ihrer Emailadresse anmelden k\u00f6nnen. Sie k\u00f6nnen jederzeit Ihre Einwilligung zum Empfang des Newsletters widerrufen. Das Abo des Newsletters k\u00f6nnen Sie jederzeit selbst deaktivieren. Senden Sie Ihre Abmeldung bitte an folgende E-Mail-Adresse: info@bachstiftung.ch. Wir l\u00f6schen anschliessend umgehend Ihre Daten im Zusammenhang mit dem Newsletter-Versand.<\/p>\r\n\r\n\r\n\r\n<h3 class=\"wp-block-heading\">2.8 Rechte von Betroffenen<\/h3>\r\n\r\n\r\n\r\n<p>Der Nutzer oder die Nutzerin hat im Rahmen der einschl\u00e4gigen Gesetze das Recht auf \u00fcbersichtliche Auskunft \u00fcber die Verarbeitung der personenbezogenen Daten, das Recht auf Berichtigung und L\u00f6schung der personenbezogenen Daten, das Recht auf Einschr\u00e4nkung der Verarbeitung, das Recht auf Daten\u00fcbertragbarkeit sowie zuletzt ein Widerspruchsrecht, wenn sich dies aus der besonderen Situation des Nutzers oder der Nutzerin begr\u00fcndet und die Interessen der AG an der Verarbeitung nicht \u00fcberwiegen. Wenn Sie glauben, dass die Verarbeitung Ihrer Daten gegen das Datenschutzrecht verst\u00f6sst oder Ihre datenschutzrechtlichen Anspr\u00fcche sonst in einer Weise verletzt worden sind, k\u00f6nnen Sie sich bei der Aufsichtsbeh\u00f6rde beschweren.<\/p>\r\n\r\n\r\n\r\n<h3 class=\"wp-block-heading\">2.9 Automatisierte Entscheidungen einschliesslich Profiling<\/h3>\r\n\r\n\r\n\r\n<p>Eine automatisierte Entscheidungsfindung auf der Grundlage der erhobenen personenbezogenen Daten findet nicht statt.<\/p>\r\n\r\n\r\n\r\n<h2 class=\"wp-block-heading\">3. Rechtliche Bestimmungen<\/h2>\r\n\r\n\r\n\r\n<h3 class=\"wp-block-heading\">3.1 Anwendbares Recht, Gerichtsstand<\/h3>\r\n\r\n\r\n\r\n<p>Anwendbar ist ausschliesslich Schweizer Recht, ausschliesslich zust\u00e4ndig sind die Gerichte von St. Gallen.<\/p>\r\n\r\n\r\n\r\n<h3 class=\"wp-block-heading\">3.2 Teilnichtigkeit<\/h3>\r\n\r\n\r\n\r\n<p>Sollten einzelne Bestimmungen der vorliegenden Nutzungsbedingungen bzw. der Datenschutzerkl\u00e4rung unwirksam sein oder werden, so ber\u00fchrt dies die Wirksamkeit der \u00fcbrigen Bestimmungen nicht. An die Stelle einer unwirksamen Bestimmung tritt eine neue Bestimmung, die in ihrer wirtschaftlichen und rechtlichen Auswirkung der unwirksamen Bestimmung m\u00f6glichst nahekommt.<\/p>\r\n\r\n\r\n\r\n<h3 class=\"wp-block-heading\">3.3 Anpassungen<\/h3>\r\n\r\n\r\n\r\n<p>AG beh\u00e4lt sich das Recht vor, die vorliegenden Nutzungsbedingungen und die Datenschutzerkl\u00e4rung jederzeit anzupassen und zu aktualisieren. Massgeblich ist die jeweils auf ihrer Website ver\u00f6ffentlichte Fassung.<\/p>\r\n","protected":false},"excerpt":{"rendered":"<p>1. Nutzungsbedingungen 1.1 Anwendungsbereich Gegenstand der vorliegenden Nutzungsbedingungen und Datenschutzerkl\u00e4rung bilden die Beziehungen zwischen der J. S. Bach St. Gallen AG (nachstehend AG) und den Nutzerinnen und Nutzern von auf unseren Websites angebotenen Dienstleistungen und Produkten. Die vorliegenden Nutzungsbedingungen und die Datenschutzerkl\u00e4rung bilden integrierenden Bestandteil jedes abgeschlossenen Vertrages zwischen der AG und den Nutzern und [&hellip;]<\/p>\n","protected":false},"author":1,"featured_media":0,"parent":0,"menu_order":0,"comment_status":"closed","ping_status":"closed","template":"","meta":{"_acf_changed":false,"footnotes":""},"class_list":["post-1606","page","type-page","status-publish","hentry"],"acf":[],"_links":{"self":[{"href":"https:\/\/bachtage.ch\/en\/wp-json\/wp\/v2\/pages\/1606","targetHints":{"allow":["GET"]}}],"collection":[{"href":"https:\/\/bachtage.ch\/en\/wp-json\/wp\/v2\/pages"}],"about":[{"href":"https:\/\/bachtage.ch\/en\/wp-json\/wp\/v2\/types\/page"}],"author":[{"embeddable":true,"href":"https:\/\/bachtage.ch\/en\/wp-json\/wp\/v2\/users\/1"}],"replies":[{"embeddable":true,"href":"https:\/\/bachtage.ch\/en\/wp-json\/wp\/v2\/comments?post=1606"}],"version-history":[{"count":2,"href":"https:\/\/bachtage.ch\/en\/wp-json\/wp\/v2\/pages\/1606\/revisions"}],"predecessor-version":[{"id":1618,"href":"https:\/\/bachtage.ch\/en\/wp-json\/wp\/v2\/pages\/1606\/revisions\/1618"}],"wp:attachment":[{"href":"https:\/\/bachtage.ch\/en\/wp-json\/wp\/v2\/media?parent=1606"}],"curies":[{"name":"wp","href":"https:\/\/api.w.org\/{rel}","templated":true}]}}